{"id":992393,"date":"2023-09-29T16:24:03","date_gmt":"2023-09-29T13:24:03","guid":{"rendered":"https:\/\/drmehtapvatansever.com\/?page_id=992393"},"modified":"2023-10-19T12:42:50","modified_gmt":"2023-10-19T09:42:50","slug":"candela-alexandrite-lazer-epilasyon","status":"publish","type":"page","link":"https:\/\/drmehtapvatansever.com\/en\/candela-alexandrite-lazer-epilasyon\/","title":{"rendered":"Candela Alexandrite Laser Hair Removal"},"content":{"rendered":"<div data-elementor-type=\"wp-page\" data-elementor-id=\"992393\" class=\"elementor elementor-992393\" data-elementor-post-type=\"page\">\n\t\t\t\t\t\t<section class=\"elementor-section elementor-top-section elementor-element elementor-element-973cd47 elementor-section-full_width elementor-section-height-default elementor-section-height-default\" data-id=\"973cd47\" data-element_type=\"section\" data-settings=\"{&quot;background_background&quot;:&quot;classic&quot;}\">\n\t\t\t\t\t\t<div class=\"elementor-container elementor-column-gap-default\">\n\t\t\t\t\t<div class=\"elementor-column elementor-col-100 elementor-top-column elementor-element elementor-element-5f4c7b99\" data-id=\"5f4c7b99\" data-element_type=\"column\">\n\t\t\t<div class=\"elementor-widget-wrap elementor-element-populated\">\n\t\t\t\t\t\t<div class=\"elementor-element elementor-element-54237880 elementor-widget__width-initial elementor-widget-tablet__width-initial elementor-absolute elementor-hidden-tablet elementor-hidden-phone elementor-invisible elementor-widget elementor-widget-image\" data-id=\"54237880\" data-element_type=\"widget\" data-settings=\"{&quot;_animation&quot;:&quot;fadeInLeft&quot;,&quot;_animation_delay&quot;:600,&quot;_position&quot;:&quot;absolute&quot;}\" data-widget_type=\"image.default\">\n\t\t\t\t<div class=\"elementor-widget-container\">\n\t\t\t\t\t\t\t\t\t\t\t\t\t\t\t<img fetchpriority=\"high\" decoding=\"async\" width=\"614\" height=\"469\" src=\"https:\/\/drmehtapvatansever.com\/wp-content\/uploads\/2023\/09\/dolgu-alt-baslik-header-back-1.png\" class=\"attachment-full size-full wp-image-992049\" alt=\"\" srcset=\"https:\/\/drmehtapvatansever.com\/wp-content\/uploads\/2023\/09\/dolgu-alt-baslik-header-back-1.png 614w, https:\/\/drmehtapvatansever.com\/wp-content\/uploads\/2023\/09\/dolgu-alt-baslik-header-back-1-300x229.png 300w, https:\/\/drmehtapvatansever.com\/wp-content\/uploads\/2023\/09\/dolgu-alt-baslik-header-back-1-600x458.png 600w\" sizes=\"(max-width: 614px) 100vw, 614px\" \/>\t\t\t\t\t\t\t\t\t\t\t\t\t\t\t<\/div>\n\t\t\t\t<\/div>\n\t\t\t\t<div class=\"elementor-element elementor-element-e41003e elementor-invisible elementor-widget elementor-widget-heading\" data-id=\"e41003e\" data-element_type=\"widget\" data-settings=\"{&quot;_animation&quot;:&quot;fadeInDown&quot;}\" data-widget_type=\"heading.default\">\n\t\t\t\t<div class=\"elementor-widget-container\">\n\t\t\t\t\t<h2 class=\"elementor-heading-title elementor-size-default\">Candela Alexandrite Laser Hair Removal<\/h2>\t\t\t\t<\/div>\n\t\t\t\t<\/div>\n\t\t\t\t<div class=\"elementor-element elementor-element-1d9799b elementor-widget__width-initial elementor-absolute elementor-hidden-phone elementor-widget-tablet__width-initial ekit-equal-height-disable elementor-invisible elementor-widget elementor-widget-elementskit-icon-box\" data-id=\"1d9799b\" data-element_type=\"widget\" data-settings=\"{&quot;_animation&quot;:&quot;rotateInDownRight&quot;,&quot;_animation_delay&quot;:800,&quot;_position&quot;:&quot;absolute&quot;}\" data-widget_type=\"elementskit-icon-box.default\">\n\t\t\t\t<div class=\"elementor-widget-container\">\n\t\t\t\t\t<div class=\"ekit-wid-con\" >        <!-- link opening -->\n                <a href=\"#\" class=\"ekit_global_links\">\n                <!-- end link opening -->\n\n        <div class=\"elementskit-infobox text-center text- icon-top-align elementor-animation-\">\n                            <div class=\"elementskit-box-header\">\n                <div class=\"elementskit-info-box-icon\">\n                    <img decoding=\"async\" width=\"97\" height=\"144\" src=\"https:\/\/drmehtapvatansever.com\/wp-content\/uploads\/2023\/09\/dolgu-ve-alt-baslik-header-flower.png\" class=\"attachment- size-\" alt=\"\" \/>                <\/div>\n          <\/div>\n                <div class=\"box-body\">\n                                            <\/div>\n        \n        \n                <\/div>\n                <\/a>\n        <\/div>\t\t\t\t<\/div>\n\t\t\t\t<\/div>\n\t\t\t\t\t<\/div>\n\t\t<\/div>\n\t\t\t\t\t<\/div>\n\t\t<\/section>\n\t\t\t\t<section class=\"elementor-section elementor-top-section elementor-element elementor-element-7705c81f elementor-section-boxed elementor-section-height-default elementor-section-height-default\" data-id=\"7705c81f\" data-element_type=\"section\">\n\t\t\t\t\t\t<div class=\"elementor-container elementor-column-gap-default\">\n\t\t\t\t\t<div class=\"elementor-column elementor-col-50 elementor-top-column elementor-element elementor-element-4c28f29e elementor-invisible\" data-id=\"4c28f29e\" data-element_type=\"column\" data-settings=\"{&quot;animation&quot;:&quot;fadeInLeft&quot;}\">\n\t\t\t<div class=\"elementor-widget-wrap elementor-element-populated\">\n\t\t\t\t\t\t<div class=\"elementor-element elementor-element-282858a5 elementor-widget__width-auto elementor-widget elementor-widget-image\" data-id=\"282858a5\" data-element_type=\"widget\" data-widget_type=\"image.default\">\n\t\t\t\t<div class=\"elementor-widget-container\">\n\t\t\t\t\t\t\t\t\t\t\t\t\t\t\t<img decoding=\"async\" src=\"https:\/\/drmehtapvatansever.com\/wp-content\/uploads\/2023\/10\/candela-01.jpg\" title=\"candela-01\" alt=\"candela-01\" loading=\"lazy\" \/>\t\t\t\t\t\t\t\t\t\t\t\t\t\t\t<\/div>\n\t\t\t\t<\/div>\n\t\t\t\t\t<\/div>\n\t\t<\/div>\n\t\t\t\t<div class=\"elementor-column elementor-col-50 elementor-top-column elementor-element elementor-element-3dacb1b8\" data-id=\"3dacb1b8\" data-element_type=\"column\">\n\t\t\t<div class=\"elementor-widget-wrap elementor-element-populated\">\n\t\t\t\t\t\t<div class=\"elementor-element elementor-element-45fe94cf elementor-invisible elementor-widget elementor-widget-heading\" data-id=\"45fe94cf\" data-element_type=\"widget\" data-settings=\"{&quot;_animation&quot;:&quot;fadeInRight&quot;,&quot;_animation_delay&quot;:500}\" data-widget_type=\"heading.default\">\n\t\t\t\t<div class=\"elementor-widget-container\">\n\t\t\t\t\t<h3 class=\"elementor-heading-title elementor-size-default\">Alexandrite Candela Laser Hair Removal<\/h3>\t\t\t\t<\/div>\n\t\t\t\t<\/div>\n\t\t\t\t<div class=\"elementor-element elementor-element-3a0bc2ea elementor-invisible elementor-widget elementor-widget-heading\" data-id=\"3a0bc2ea\" data-element_type=\"widget\" data-settings=\"{&quot;_animation&quot;:&quot;fadeInUp&quot;,&quot;_animation_delay&quot;:600}\" data-widget_type=\"heading.default\">\n\t\t\t\t<div class=\"elementor-widget-container\">\n\t\t\t\t\t<h2 class=\"elementor-heading-title elementor-size-default\">A Silky Skin<\/h2>\t\t\t\t<\/div>\n\t\t\t\t<\/div>\n\t\t\t\t<div class=\"elementor-element elementor-element-7f8330a5 elementor-invisible elementor-widget elementor-widget-text-editor\" data-id=\"7f8330a5\" data-element_type=\"widget\" data-settings=\"{&quot;_animation&quot;:&quot;fadeInUp&quot;,&quot;_animation_delay&quot;:700}\" data-widget_type=\"text-editor.default\">\n\t\t\t\t<div class=\"elementor-widget-container\">\n\t\t\t\t\t\t\t\t\tSilky skin with the comfort of Alexandrite Candela Laser Epilation! Your hair color and skin type are key factors for laser hair removal to be successful. Although it is easier to achieve results in people with light skin and dark hair, it is also possible to achieve successful results in people with dark skin with a little more care.\t\t\t\t\t\t\t\t<\/div>\n\t\t\t\t<\/div>\n\t\t\t\t<div class=\"elementor-element elementor-element-2ed2e444 elementor-widget__width-initial elementor-absolute elementor-hidden-phone ekit-equal-height-disable elementor-invisible elementor-widget elementor-widget-elementskit-icon-box\" data-id=\"2ed2e444\" data-element_type=\"widget\" data-settings=\"{&quot;_animation&quot;:&quot;rotateInUpRight&quot;,&quot;_animation_delay&quot;:800,&quot;_position&quot;:&quot;absolute&quot;}\" data-widget_type=\"elementskit-icon-box.default\">\n\t\t\t\t<div class=\"elementor-widget-container\">\n\t\t\t\t\t<div class=\"ekit-wid-con\" >        <!-- link opening -->\n                <a href=\"#\" class=\"ekit_global_links\">\n                <!-- end link opening -->\n\n        <div class=\"elementskit-infobox text-center text- icon-top-align elementor-animation-\">\n                            <div class=\"elementskit-box-header\">\n                <div class=\"elementskit-info-box-icon\">\n                    <img decoding=\"async\" width=\"97\" height=\"144\" src=\"https:\/\/drmehtapvatansever.com\/wp-content\/uploads\/2023\/08\/elements-set-of-natural-and-floral-elements-G9XCU6B_services-2.png\" class=\"attachment- size-\" alt=\"\" \/>                <\/div>\n          <\/div>\n                <div class=\"box-body\">\n                                            <\/div>\n        \n        \n                <\/div>\n                <\/a>\n        <\/div>\t\t\t\t<\/div>\n\t\t\t\t<\/div>\n\t\t\t\t\t<\/div>\n\t\t<\/div>\n\t\t\t\t\t<\/div>\n\t\t<\/section>\n\t\t\t\t<section class=\"elementor-section elementor-top-section elementor-element elementor-element-6716fa21 elementor-section-boxed elementor-section-height-default elementor-section-height-default\" data-id=\"6716fa21\" data-element_type=\"section\">\n\t\t\t\t\t\t<div class=\"elementor-container elementor-column-gap-default\">\n\t\t\t\t\t<div class=\"elementor-column elementor-col-100 elementor-top-column elementor-element elementor-element-15b4c63e\" data-id=\"15b4c63e\" data-element_type=\"column\">\n\t\t\t<div class=\"elementor-widget-wrap elementor-element-populated\">\n\t\t\t\t\t\t<div class=\"elementor-element elementor-element-1c340473 elementor-widget__width-initial elementor-absolute elementor-hidden-phone ekit-equal-height-disable elementor-invisible elementor-widget elementor-widget-elementskit-icon-box\" data-id=\"1c340473\" data-element_type=\"widget\" data-settings=\"{&quot;_animation&quot;:&quot;rotateInUpRight&quot;,&quot;_animation_delay&quot;:800,&quot;_position&quot;:&quot;absolute&quot;}\" data-widget_type=\"elementskit-icon-box.default\">\n\t\t\t\t<div class=\"elementor-widget-container\">\n\t\t\t\t\t<div class=\"ekit-wid-con\" >        <!-- link opening -->\n                <a href=\"#\" class=\"ekit_global_links\">\n                <!-- end link opening -->\n\n        <div class=\"elementskit-infobox text-center text- icon-top-align elementor-animation-\">\n                            <div class=\"elementskit-box-header\">\n                <div class=\"elementskit-info-box-icon\">\n                    <img decoding=\"async\" width=\"97\" height=\"144\" src=\"https:\/\/drmehtapvatansever.com\/wp-content\/uploads\/2023\/08\/elements-set-of-natural-and-floral-elements-G9XCU6B_services-2.png\" class=\"attachment- size-\" alt=\"\" \/>                <\/div>\n          <\/div>\n                <div class=\"box-body\">\n                                            <\/div>\n        \n        \n                <\/div>\n                <\/a>\n        <\/div>\t\t\t\t<\/div>\n\t\t\t\t<\/div>\n\t\t\t\t<div class=\"elementor-element elementor-element-5f79ba2c elementor-invisible elementor-widget elementor-widget-heading\" data-id=\"5f79ba2c\" data-element_type=\"widget\" data-settings=\"{&quot;_animation&quot;:&quot;fadeInRight&quot;,&quot;_animation_delay&quot;:500}\" data-widget_type=\"heading.default\">\n\t\t\t\t<div class=\"elementor-widget-container\">\n\t\t\t\t\t<h3 class=\"elementor-heading-title elementor-size-default\">Hair Removal with Laser<\/h3>\t\t\t\t<\/div>\n\t\t\t\t<\/div>\n\t\t\t\t<div class=\"elementor-element elementor-element-1c78390d elementor-invisible elementor-widget elementor-widget-heading\" data-id=\"1c78390d\" data-element_type=\"widget\" data-settings=\"{&quot;_animation&quot;:&quot;fadeInUp&quot;,&quot;_animation_delay&quot;:600}\" data-widget_type=\"heading.default\">\n\t\t\t\t<div class=\"elementor-widget-container\">\n\t\t\t\t\t<h2 class=\"elementor-heading-title elementor-size-default\">Candela Alexandrite Laser Hair Removal<\/h2>\t\t\t\t<\/div>\n\t\t\t\t<\/div>\n\t\t\t\t<div class=\"elementor-element elementor-element-7773582e elementor-invisible elementor-widget elementor-widget-text-editor\" data-id=\"7773582e\" data-element_type=\"widget\" data-settings=\"{&quot;_animation&quot;:&quot;fadeInUp&quot;,&quot;_animation_delay&quot;:700}\" data-widget_type=\"text-editor.default\">\n\t\t\t\t<div class=\"elementor-widget-container\">\n\t\t\t\t\t\t\t\t\t<p><strong>Alexandrite Candela Device<\/strong><br \/>Alexandrite Candela is FDA approved and one of the newest and most advanced devices in laser hair removal. It is more effective on thick hair roots than diode ice laser. For use on the face, Diode Ice Laser is more effective.<br \/>This device, with a wavelength of 755nm, is one of the newest and most advanced devices among Alexandrite laser systems. It is an FDA-approved, award-winning device. Applications are fast thanks to changeable heads up to 23 nm. It provides advantages in large work areas. Experience the comfort of laser epilation, which you can have safely in 4 seasons with a professional team, in our center.<\/p><p><strong>Before Laser Epilation<\/strong><br \/>First of all, it should be decided whether you are suitable for laser epilation. Your medical history, illness, health condition and medications you use are important. After informing you about the risks, benefits and expectations, the applications begin. For laser epilation to be successful, it is ideal for hairs to appear as dots. This period is 1-3 days after razor applications and 3-4 weeks after waxing application. Alexandrite laser epilation, which is generally considered appropriate to be performed in autumn, winter or spring, is preferred by many people thanks to its long-lasting results.<\/p><p><strong>After Laser Epilation<\/strong><br \/>After epilation with the Alexandrite Candela laser device, you should avoid going out in the sun for at least 1 month. It is not applied to burnt skin. Therefore, it is important that the skin returns to its own color. If you are still undecided about laser epilation treatment, you can make an appointment for a free examination from our clinic's doctors and dermatologists.<\/p>\t\t\t\t\t\t\t\t<\/div>\n\t\t\t\t<\/div>\n\t\t\t\t\t<\/div>\n\t\t<\/div>\n\t\t\t\t\t<\/div>\n\t\t<\/section>\n\t\t\t\t<section class=\"elementor-section elementor-top-section elementor-element elementor-element-909e598 elementor-section-boxed elementor-section-height-default elementor-section-height-default\" data-id=\"909e598\" data-element_type=\"section\" data-settings=\"{&quot;background_background&quot;:&quot;classic&quot;}\">\n\t\t\t\t\t\t\t<div class=\"elementor-background-overlay\"><\/div>\n\t\t\t\t\t\t\t<div class=\"elementor-container elementor-column-gap-default\">\n\t\t\t\t\t<div class=\"elementor-column elementor-col-100 elementor-top-column elementor-element elementor-element-27b7a92\" data-id=\"27b7a92\" data-element_type=\"column\">\n\t\t\t<div class=\"elementor-widget-wrap elementor-element-populated\">\n\t\t\t\t\t\t<div class=\"elementor-element elementor-element-9ad9cc5 elementor-widget__width-initial elementor-absolute elementor-hidden-phone ekit-equal-height-disable elementor-invisible elementor-widget elementor-widget-elementskit-icon-box\" data-id=\"9ad9cc5\" data-element_type=\"widget\" data-settings=\"{&quot;_animation&quot;:&quot;rotateInUpRight&quot;,&quot;_animation_delay&quot;:800,&quot;_position&quot;:&quot;absolute&quot;}\" data-widget_type=\"elementskit-icon-box.default\">\n\t\t\t\t<div class=\"elementor-widget-container\">\n\t\t\t\t\t<div class=\"ekit-wid-con\" >        <!-- link opening -->\n                <a href=\"#\" class=\"ekit_global_links\">\n                <!-- end link opening -->\n\n        <div class=\"elementskit-infobox text-center text- icon-top-align elementor-animation-\">\n                            <div class=\"elementskit-box-header\">\n                <div class=\"elementskit-info-box-icon\">\n                    <img loading=\"lazy\" decoding=\"async\" width=\"97\" height=\"144\" src=\"https:\/\/drmehtapvatansever.com\/wp-content\/uploads\/2023\/09\/elements-set-of-natural-and-floral-elements-G9XCU6B_services-beyaz.png\" class=\"attachment- size-\" alt=\"\" \/>                <\/div>\n          <\/div>\n                <div class=\"box-body\">\n                                            <\/div>\n        \n        \n                <\/div>\n                <\/a>\n        <\/div>\t\t\t\t<\/div>\n\t\t\t\t<\/div>\n\t\t\t\t<div class=\"elementor-element elementor-element-b2637e1 elementor-invisible elementor-widget elementor-widget-heading\" data-id=\"b2637e1\" data-element_type=\"widget\" data-settings=\"{&quot;_animation&quot;:&quot;fadeInRight&quot;,&quot;_animation_delay&quot;:500}\" data-widget_type=\"heading.default\">\n\t\t\t\t<div class=\"elementor-widget-container\">\n\t\t\t\t\t<h3 class=\"elementor-heading-title elementor-size-default\">Consultancy<\/h3>\t\t\t\t<\/div>\n\t\t\t\t<\/div>\n\t\t\t\t<div class=\"elementor-element elementor-element-1e81266 elementor-invisible elementor-widget elementor-widget-heading\" data-id=\"1e81266\" data-element_type=\"widget\" data-settings=\"{&quot;_animation&quot;:&quot;fadeInUp&quot;,&quot;_animation_delay&quot;:600}\" data-widget_type=\"heading.default\">\n\t\t\t\t<div class=\"elementor-widget-container\">\n\t\t\t\t\t<h2 class=\"elementor-heading-title elementor-size-default\">You Can Get Free Consultation and Appointment<\/h2>\t\t\t\t<\/div>\n\t\t\t\t<\/div>\n\t\t\t\t<div class=\"elementor-element elementor-element-834c6e5 elementor-invisible elementor-widget elementor-widget-text-editor\" data-id=\"834c6e5\" data-element_type=\"widget\" data-settings=\"{&quot;_animation&quot;:&quot;fadeInUp&quot;,&quot;_animation_delay&quot;:700}\" data-widget_type=\"text-editor.default\">\n\t\t\t\t<div class=\"elementor-widget-container\">\n\t\t\t\t\t\t\t\t\t<p>Every expression is a work of art; Our expert clinic highlights your originality by expertly shaping the expressions on your face.<\/p>\t\t\t\t\t\t\t\t<\/div>\n\t\t\t\t<\/div>\n\t\t\t\t<div class=\"elementor-element elementor-element-ac19566 elementor-widget__width-auto elementor-invisible elementor-widget elementor-widget-global elementor-global-990981 elementor-widget-button\" data-id=\"ac19566\" data-element_type=\"widget\" data-settings=\"{&quot;_animation&quot;:&quot;fadeInLeft&quot;,&quot;_animation_delay&quot;:800}\" data-widget_type=\"button.default\">\n\t\t\t\t<div class=\"elementor-widget-container\">\n\t\t\t\t\t\t\t\t\t<div class=\"elementor-button-wrapper\">\n\t\t\t\t\t<a class=\"elementor-button elementor-button-link elementor-size-sm\" href=\"https:\/\/wa.me\/905325664442\" target=\"_blank\">\n\t\t\t\t\t\t<span class=\"elementor-button-content-wrapper\">\n\t\t\t\t\t\t\t\t\t<span class=\"elementor-button-text\">Make an Appointment Now<\/span>\n\t\t\t\t\t<\/span>\n\t\t\t\t\t<\/a>\n\t\t\t\t<\/div>\n\t\t\t\t\t\t\t\t<\/div>\n\t\t\t\t<\/div>\n\t\t\t\t\t<\/div>\n\t\t<\/div>\n\t\t\t\t\t<\/div>\n\t\t<\/section>\n\t\t\t\t<\/div>","protected":false},"excerpt":{"rendered":"<p>Candela Alexandrite Lazer Epilasyon Alexandrite Candela Lazer Epilasyon \u0130peksi Bir Ten Alexandrite Candela Lazer Epilasyon konforu ile ipeksi bir ten! T\u00fcy renginiz ve cilt tipiniz, lazer epilasyonun ba\u015far\u0131l\u0131 olmas\u0131 i\u00e7in anahtar fakt\u00f6rlerdir. A\u00e7\u0131k renk tenli, koyu renk t\u00fcylere sahip ki\u015filerde sonuca ula\u015fmak daha kolay olmakla birlikte, koyu renk cilde sahip ki\u015filerde de biraz daha fazla [&hellip;]<\/p>","protected":false},"author":1,"featured_media":0,"parent":0,"menu_order":0,"comment_status":"closed","ping_status":"closed","template":"elementor_header_footer","meta":{"footnotes":""},"class_list":["post-992393","page","type-page","status-publish","hentry"],"_links":{"self":[{"href":"https:\/\/drmehtapvatansever.com\/en\/wp-json\/wp\/v2\/pages\/992393","targetHints":{"allow":["GET"]}}],"collection":[{"href":"https:\/\/drmehtapvatansever.com\/en\/wp-json\/wp\/v2\/pages"}],"about":[{"href":"https:\/\/drmehtapvatansever.com\/en\/wp-json\/wp\/v2\/types\/page"}],"author":[{"embeddable":true,"href":"https:\/\/drmehtapvatansever.com\/en\/wp-json\/wp\/v2\/users\/1"}],"replies":[{"embeddable":true,"href":"https:\/\/drmehtapvatansever.com\/en\/wp-json\/wp\/v2\/comments?post=992393"}],"version-history":[{"count":37,"href":"https:\/\/drmehtapvatansever.com\/en\/wp-json\/wp\/v2\/pages\/992393\/revisions"}],"predecessor-version":[{"id":994408,"href":"https:\/\/drmehtapvatansever.com\/en\/wp-json\/wp\/v2\/pages\/992393\/revisions\/994408"}],"wp:attachment":[{"href":"https:\/\/drmehtapvatansever.com\/en\/wp-json\/wp\/v2\/media?parent=992393"}],"curies":[{"name":"wp","href":"https:\/\/api.w.org\/{rel}","templated":true}]}}