{"id":994639,"date":"2024-04-15T13:51:15","date_gmt":"2024-04-15T10:51:15","guid":{"rendered":"https:\/\/drmehtapvatansever.com\/?page_id=994639"},"modified":"2025-02-10T23:38:22","modified_gmt":"2025-02-10T20:38:22","slug":"q-switch-lazer","status":"publish","type":"page","link":"https:\/\/drmehtapvatansever.com\/en\/q-switch-lazer\/","title":{"rendered":"Q Switch Lazer"},"content":{"rendered":"<div data-elementor-type=\"wp-page\" data-elementor-id=\"994639\" class=\"elementor elementor-994639\" data-elementor-post-type=\"page\">\n\t\t\t\t\t\t<section class=\"elementor-section elementor-top-section elementor-element elementor-element-973cd47 elementor-section-full_width elementor-section-height-default elementor-section-height-default\" data-id=\"973cd47\" data-element_type=\"section\" data-settings=\"{&quot;background_background&quot;:&quot;classic&quot;}\">\n\t\t\t\t\t\t<div class=\"elementor-container elementor-column-gap-default\">\n\t\t\t\t\t<div class=\"elementor-column elementor-col-100 elementor-top-column elementor-element elementor-element-5f4c7b99\" data-id=\"5f4c7b99\" data-element_type=\"column\">\n\t\t\t<div class=\"elementor-widget-wrap elementor-element-populated\">\n\t\t\t\t\t\t<div class=\"elementor-element elementor-element-54237880 elementor-widget__width-initial elementor-widget-tablet__width-initial elementor-absolute elementor-hidden-tablet elementor-hidden-phone elementor-invisible elementor-widget elementor-widget-image\" data-id=\"54237880\" data-element_type=\"widget\" data-settings=\"{&quot;_animation&quot;:&quot;fadeInLeft&quot;,&quot;_animation_delay&quot;:600,&quot;_position&quot;:&quot;absolute&quot;}\" data-widget_type=\"image.default\">\n\t\t\t\t<div class=\"elementor-widget-container\">\n\t\t\t\t\t\t\t\t\t\t\t\t\t\t\t<img fetchpriority=\"high\" decoding=\"async\" width=\"614\" height=\"469\" src=\"https:\/\/drmehtapvatansever.com\/wp-content\/uploads\/2023\/09\/dolgu-alt-baslik-header-back-1.png\" class=\"attachment-full size-full wp-image-992049\" alt=\"\" srcset=\"https:\/\/drmehtapvatansever.com\/wp-content\/uploads\/2023\/09\/dolgu-alt-baslik-header-back-1.png 614w, https:\/\/drmehtapvatansever.com\/wp-content\/uploads\/2023\/09\/dolgu-alt-baslik-header-back-1-300x229.png 300w, https:\/\/drmehtapvatansever.com\/wp-content\/uploads\/2023\/09\/dolgu-alt-baslik-header-back-1-600x458.png 600w\" sizes=\"(max-width: 614px) 100vw, 614px\" \/>\t\t\t\t\t\t\t\t\t\t\t\t\t\t\t<\/div>\n\t\t\t\t<\/div>\n\t\t\t\t<div class=\"elementor-element elementor-element-e41003e elementor-invisible elementor-widget elementor-widget-heading\" data-id=\"e41003e\" data-element_type=\"widget\" data-settings=\"{&quot;_animation&quot;:&quot;fadeInDown&quot;}\" data-widget_type=\"heading.default\">\n\t\t\t\t<div class=\"elementor-widget-container\">\n\t\t\t\t\t<h2 class=\"elementor-heading-title elementor-size-default\">Q Switch Lazer<\/h2>\t\t\t\t<\/div>\n\t\t\t\t<\/div>\n\t\t\t\t<div class=\"elementor-element elementor-element-1d9799b elementor-widget__width-initial elementor-absolute elementor-hidden-phone elementor-widget-tablet__width-initial ekit-equal-height-disable elementor-invisible elementor-widget elementor-widget-elementskit-icon-box\" data-id=\"1d9799b\" data-element_type=\"widget\" data-settings=\"{&quot;_animation&quot;:&quot;rotateInDownRight&quot;,&quot;_animation_delay&quot;:800,&quot;_position&quot;:&quot;absolute&quot;}\" data-widget_type=\"elementskit-icon-box.default\">\n\t\t\t\t<div class=\"elementor-widget-container\">\n\t\t\t\t\t<div class=\"ekit-wid-con\" >        <!-- link opening -->\n                <a href=\"#\" class=\"ekit_global_links\">\n                <!-- end link opening -->\n\n        <div class=\"elementskit-infobox text-center text- icon-top-align elementor-animation-\">\n                            <div class=\"elementskit-box-header\">\n                <div class=\"elementskit-info-box-icon\">\n                    <img decoding=\"async\" width=\"97\" height=\"144\" src=\"https:\/\/drmehtapvatansever.com\/wp-content\/uploads\/2023\/09\/dolgu-ve-alt-baslik-header-flower.png\" class=\"attachment- size-\" alt=\"\" \/>                <\/div>\n          <\/div>\n                <div class=\"box-body\">\n                                            <\/div>\n        \n        \n                <\/div>\n                <\/a>\n        <\/div>\t\t\t\t<\/div>\n\t\t\t\t<\/div>\n\t\t\t\t\t<\/div>\n\t\t<\/div>\n\t\t\t\t\t<\/div>\n\t\t<\/section>\n\t\t\t\t<section class=\"elementor-section elementor-top-section elementor-element elementor-element-7705c81f elementor-section-boxed elementor-section-height-default elementor-section-height-default\" data-id=\"7705c81f\" data-element_type=\"section\">\n\t\t\t\t\t\t<div class=\"elementor-container elementor-column-gap-default\">\n\t\t\t\t\t<div class=\"elementor-column elementor-col-50 elementor-top-column elementor-element elementor-element-4c28f29e elementor-invisible\" data-id=\"4c28f29e\" data-element_type=\"column\" data-settings=\"{&quot;animation&quot;:&quot;fadeInLeft&quot;}\">\n\t\t\t<div class=\"elementor-widget-wrap elementor-element-populated\">\n\t\t\t\t\t\t<div class=\"elementor-element elementor-element-282858a5 elementor-widget__width-auto elementor-widget elementor-widget-image\" data-id=\"282858a5\" data-element_type=\"widget\" data-widget_type=\"image.default\">\n\t\t\t\t<div class=\"elementor-widget-container\">\n\t\t\t\t\t\t\t\t\t\t\t\t\t\t\t<img decoding=\"async\" src=\"https:\/\/drmehtapvatansever.com\/wp-content\/uploads\/2024\/04\/q-switch-lazer.jpg\" title=\"q-switch-lazer\" alt=\"q-switch-lazer\" loading=\"lazy\" \/>\t\t\t\t\t\t\t\t\t\t\t\t\t\t\t<\/div>\n\t\t\t\t<\/div>\n\t\t\t\t\t<\/div>\n\t\t<\/div>\n\t\t\t\t<div class=\"elementor-column elementor-col-50 elementor-top-column elementor-element elementor-element-3dacb1b8\" data-id=\"3dacb1b8\" data-element_type=\"column\">\n\t\t\t<div class=\"elementor-widget-wrap elementor-element-populated\">\n\t\t\t\t\t\t<div class=\"elementor-element elementor-element-45fe94cf elementor-invisible elementor-widget elementor-widget-heading\" data-id=\"45fe94cf\" data-element_type=\"widget\" data-settings=\"{&quot;_animation&quot;:&quot;fadeInRight&quot;,&quot;_animation_delay&quot;:500}\" data-widget_type=\"heading.default\">\n\t\t\t\t<div class=\"elementor-widget-container\">\n\t\t\t\t\t<h3 class=\"elementor-heading-title elementor-size-default\">Usage areas<\/h3>\t\t\t\t<\/div>\n\t\t\t\t<\/div>\n\t\t\t\t<div class=\"elementor-element elementor-element-3a0bc2ea elementor-invisible elementor-widget elementor-widget-heading\" data-id=\"3a0bc2ea\" data-element_type=\"widget\" data-settings=\"{&quot;_animation&quot;:&quot;fadeInUp&quot;,&quot;_animation_delay&quot;:600}\" data-widget_type=\"heading.default\">\n\t\t\t\t<div class=\"elementor-widget-container\">\n\t\t\t\t\t<h2 class=\"elementor-heading-title elementor-size-default\">Q Switch Lazer<\/h2>\t\t\t\t<\/div>\n\t\t\t\t<\/div>\n\t\t\t\t<div class=\"elementor-element elementor-element-ba73a96 elementor-widget elementor-widget-text-editor\" data-id=\"ba73a96\" data-element_type=\"widget\" data-widget_type=\"text-editor.default\">\n\t\t\t\t<div class=\"elementor-widget-container\">\n\t\t\t\t\t\t\t\t\t<p>Q Switch lazerler ciltteki kollajeni artt\u0131r\u0131rken cilt lekelerini yok eder. Cilt lekelerinin yan\u0131 s\u0131ra d\u00f6vme ve kal\u0131c\u0131 makyaj\u0131n \u00e7\u0131kar\u0131lmas\u0131nda da kullan\u0131labilir. D\u00f6vme lazer \u0131\u015f\u0131\u011f\u0131n\u0131 emdikten sonra \u00e7ok k\u00fc\u00e7\u00fck par\u00e7alara ayr\u0131lmakta b\u00f6ylece v\u00fccudun kendi savunma mekanizma h\u00fccreleri taraf\u0131ndan yok edilmektedirler.<\/p><p>Q Switch lazerler ile g\u00fcne\u015f, ya\u015fl\u0131l\u0131k, do\u011fum lekeleri ve melazma da (melasma) gibi rahats\u0131zl\u0131klarda tedavi edilebilmektedir. Hastada herhangi bir kabuklanma olu\u015fmadan lekeler uygulanan seanslar ile giderek yol olmaktad\u0131r.<\/p><p>Q Switch lazerler ayn\u0131 zamanda cilt yenilemede, g\u00f6zeneklerin azalt\u0131lmas\u0131nda, y\u00fczdeki ya\u011f dengesinin sa\u011flanmas\u0131nda, akne ve akne izlerinin tedavisinde de kullan\u0131lmaktad\u0131rlar. Karbon bazl\u0131 losyon ile uygulanan i\u015flem, fototermal etki yaparak cildin yenilenme s\u00fcrecini harekete ge\u00e7irir.<\/p>\t\t\t\t\t\t\t\t<\/div>\n\t\t\t\t<\/div>\n\t\t\t\t<div class=\"elementor-element elementor-element-2ed2e444 elementor-widget__width-initial elementor-absolute elementor-hidden-phone ekit-equal-height-disable elementor-invisible elementor-widget elementor-widget-elementskit-icon-box\" data-id=\"2ed2e444\" data-element_type=\"widget\" data-settings=\"{&quot;_animation&quot;:&quot;rotateInUpRight&quot;,&quot;_animation_delay&quot;:800,&quot;_position&quot;:&quot;absolute&quot;}\" data-widget_type=\"elementskit-icon-box.default\">\n\t\t\t\t<div class=\"elementor-widget-container\">\n\t\t\t\t\t<div class=\"ekit-wid-con\" >        <!-- link opening -->\n                <a href=\"#\" class=\"ekit_global_links\">\n                <!-- end link opening -->\n\n        <div class=\"elementskit-infobox text-center text- icon-top-align elementor-animation-\">\n                            <div class=\"elementskit-box-header\">\n                <div class=\"elementskit-info-box-icon\">\n                    <img decoding=\"async\" width=\"97\" height=\"144\" src=\"https:\/\/drmehtapvatansever.com\/wp-content\/uploads\/2023\/08\/elements-set-of-natural-and-floral-elements-G9XCU6B_services-2.png\" class=\"attachment- size-\" alt=\"\" \/>                <\/div>\n          <\/div>\n                <div class=\"box-body\">\n                                            <\/div>\n        \n        \n                <\/div>\n                <\/a>\n        <\/div>\t\t\t\t<\/div>\n\t\t\t\t<\/div>\n\t\t\t\t<section class=\"elementor-section elementor-inner-section elementor-element elementor-element-059119f elementor-section-boxed elementor-section-height-default elementor-section-height-default elementor-invisible\" data-id=\"059119f\" data-element_type=\"section\" data-settings=\"{&quot;animation&quot;:&quot;fadeInUp&quot;,&quot;animation_delay&quot;:800}\">\n\t\t\t\t\t\t<div class=\"elementor-container elementor-column-gap-default\">\n\t\t\t\t\t<div class=\"elementor-column elementor-col-100 elementor-inner-column elementor-element elementor-element-4d9cc47\" data-id=\"4d9cc47\" data-element_type=\"column\">\n\t\t\t<div class=\"elementor-widget-wrap elementor-element-populated\">\n\t\t\t\t\t\t<div class=\"elementor-element elementor-element-910bcdb elementor-align-start elementor-icon-list--layout-traditional elementor-list-item-link-full_width elementor-widget elementor-widget-icon-list\" data-id=\"910bcdb\" data-element_type=\"widget\" data-widget_type=\"icon-list.default\">\n\t\t\t\t<div class=\"elementor-widget-container\">\n\t\t\t\t\t\t\t<ul class=\"elementor-icon-list-items\">\n\t\t\t\t\t\t\t<li class=\"elementor-icon-list-item\">\n\t\t\t\t\t\t\t\t\t\t\t<span class=\"elementor-icon-list-icon\">\n\t\t\t\t\t\t\t<i aria-hidden=\"true\" class=\"icon icon-chevron-right-circle\"><\/i>\t\t\t\t\t\t<\/span>\n\t\t\t\t\t\t\t\t\t\t<span class=\"elementor-icon-list-text\">D\u00f6vme silme<\/span>\n\t\t\t\t\t\t\t\t\t<\/li>\n\t\t\t\t\t\t\t\t<li class=\"elementor-icon-list-item\">\n\t\t\t\t\t\t\t\t\t\t\t<span class=\"elementor-icon-list-icon\">\n\t\t\t\t\t\t\t<i aria-hidden=\"true\" class=\"icon icon-chevron-right-circle\"><\/i>\t\t\t\t\t\t<\/span>\n\t\t\t\t\t\t\t\t\t\t<span class=\"elementor-icon-list-text\">T\u00fcy sarartma<\/span>\n\t\t\t\t\t\t\t\t\t<\/li>\n\t\t\t\t\t\t\t\t<li class=\"elementor-icon-list-item\">\n\t\t\t\t\t\t\t\t\t\t\t<span class=\"elementor-icon-list-icon\">\n\t\t\t\t\t\t\t<i aria-hidden=\"true\" class=\"icon icon-chevron-right-circle\"><\/i>\t\t\t\t\t\t<\/span>\n\t\t\t\t\t\t\t\t\t\t<span class=\"elementor-icon-list-text\">FracRevive - Antiage<\/span>\n\t\t\t\t\t\t\t\t\t<\/li>\n\t\t\t\t\t\t\t\t<li class=\"elementor-icon-list-item\">\n\t\t\t\t\t\t\t\t\t\t\t<span class=\"elementor-icon-list-icon\">\n\t\t\t\t\t\t\t<i aria-hidden=\"true\" class=\"icon icon-chevron-right-circle\"><\/i>\t\t\t\t\t\t<\/span>\n\t\t\t\t\t\t\t\t\t\t<span class=\"elementor-icon-list-text\">Spot treatment<\/span>\n\t\t\t\t\t\t\t\t\t<\/li>\n\t\t\t\t\t\t\t\t<li class=\"elementor-icon-list-item\">\n\t\t\t\t\t\t\t\t\t\t\t<span class=\"elementor-icon-list-icon\">\n\t\t\t\t\t\t\t<i aria-hidden=\"true\" class=\"icon icon-chevron-right-circle\"><\/i>\t\t\t\t\t\t<\/span>\n\t\t\t\t\t\t\t\t\t\t<span class=\"elementor-icon-list-text\">Fraksiyonel lazer<\/span>\n\t\t\t\t\t\t\t\t\t<\/li>\n\t\t\t\t\t\t<\/ul>\n\t\t\t\t\t\t<\/div>\n\t\t\t\t<\/div>\n\t\t\t\t\t<\/div>\n\t\t<\/div>\n\t\t\t\t\t<\/div>\n\t\t<\/section>\n\t\t\t\t\t<\/div>\n\t\t<\/div>\n\t\t\t\t\t<\/div>\n\t\t<\/section>\n\t\t\t\t<section class=\"elementor-section elementor-top-section elementor-element elementor-element-84157ce elementor-section-boxed elementor-section-height-default elementor-section-height-default\" data-id=\"84157ce\" data-element_type=\"section\">\n\t\t\t\t\t\t<div class=\"elementor-container elementor-column-gap-default\">\n\t\t\t\t\t<div class=\"elementor-column elementor-col-100 elementor-top-column elementor-element elementor-element-386c1c3\" data-id=\"386c1c3\" data-element_type=\"column\">\n\t\t\t<div class=\"elementor-widget-wrap elementor-element-populated\">\n\t\t\t\t\t\t<div class=\"elementor-element elementor-element-04ee9f7 elementor-widget__width-initial elementor-absolute elementor-hidden-phone ekit-equal-height-disable elementor-invisible elementor-widget elementor-widget-elementskit-icon-box\" data-id=\"04ee9f7\" data-element_type=\"widget\" data-settings=\"{&quot;_animation&quot;:&quot;rotateInUpRight&quot;,&quot;_animation_delay&quot;:800,&quot;_position&quot;:&quot;absolute&quot;}\" data-widget_type=\"elementskit-icon-box.default\">\n\t\t\t\t<div class=\"elementor-widget-container\">\n\t\t\t\t\t<div class=\"ekit-wid-con\" >        <!-- link opening -->\n                <a href=\"#\" class=\"ekit_global_links\">\n                <!-- end link opening -->\n\n        <div class=\"elementskit-infobox text-center text- icon-top-align elementor-animation-\">\n                            <div class=\"elementskit-box-header\">\n                <div class=\"elementskit-info-box-icon\">\n                    <img decoding=\"async\" width=\"97\" height=\"144\" src=\"https:\/\/drmehtapvatansever.com\/wp-content\/uploads\/2023\/08\/elements-set-of-natural-and-floral-elements-G9XCU6B_services-2.png\" class=\"attachment- size-\" alt=\"\" \/>                <\/div>\n          <\/div>\n                <div class=\"box-body\">\n                                            <\/div>\n        \n        \n                <\/div>\n                <\/a>\n        <\/div>\t\t\t\t<\/div>\n\t\t\t\t<\/div>\n\t\t\t\t<div class=\"elementor-element elementor-element-6cb42aa elementor-invisible elementor-widget elementor-widget-heading\" data-id=\"6cb42aa\" data-element_type=\"widget\" data-settings=\"{&quot;_animation&quot;:&quot;fadeInRight&quot;,&quot;_animation_delay&quot;:500}\" data-widget_type=\"heading.default\">\n\t\t\t\t<div class=\"elementor-widget-container\">\n\t\t\t\t\t<h3 class=\"elementor-heading-title elementor-size-default\">Seans Aral\u0131klar\u0131<\/h3>\t\t\t\t<\/div>\n\t\t\t\t<\/div>\n\t\t\t\t<div class=\"elementor-element elementor-element-ce30eb4 elementor-invisible elementor-widget elementor-widget-heading\" data-id=\"ce30eb4\" data-element_type=\"widget\" data-settings=\"{&quot;_animation&quot;:&quot;fadeInUp&quot;,&quot;_animation_delay&quot;:600}\" data-widget_type=\"heading.default\">\n\t\t\t\t<div class=\"elementor-widget-container\">\n\t\t\t\t\t<h2 class=\"elementor-heading-title elementor-size-default\">Seans Aral\u0131\u011f\u0131 Ne S\u0131kl\u0131ktad\u0131r?<\/h2>\t\t\t\t<\/div>\n\t\t\t\t<\/div>\n\t\t\t\t<div class=\"elementor-element elementor-element-73f137a elementor-invisible elementor-widget elementor-widget-text-editor\" data-id=\"73f137a\" data-element_type=\"widget\" data-settings=\"{&quot;_animation&quot;:&quot;fadeInUp&quot;,&quot;_animation_delay&quot;:700}\" data-widget_type=\"text-editor.default\">\n\t\t\t\t<div class=\"elementor-widget-container\">\n\t\t\t\t\t\t\t\t\tSeanslar d\u00f6vme silme tedavilerinde 4-6 haftada bir, di\u011fer tedavilerde ise haftada bir uygulan\u0131r. D\u00f6vme tedavileri ortalama 3-6 seans iken leke , cilt yenileme ve akne tedavileri ise 10 seans s\u00fcrebilmektedir.\t\t\t\t\t\t\t\t<\/div>\n\t\t\t\t<\/div>\n\t\t\t\t\t<\/div>\n\t\t<\/div>\n\t\t\t\t\t<\/div>\n\t\t<\/section>\n\t\t\t\t<section class=\"elementor-section elementor-top-section elementor-element elementor-element-19c0933 elementor-section-boxed elementor-section-height-default elementor-section-height-default\" data-id=\"19c0933\" data-element_type=\"section\" data-settings=\"{&quot;background_background&quot;:&quot;classic&quot;}\">\n\t\t\t\t\t\t\t<div class=\"elementor-background-overlay\"><\/div>\n\t\t\t\t\t\t\t<div class=\"elementor-container elementor-column-gap-default\">\n\t\t\t\t\t<div class=\"elementor-column elementor-col-100 elementor-top-column elementor-element elementor-element-01601b1\" data-id=\"01601b1\" data-element_type=\"column\">\n\t\t\t<div class=\"elementor-widget-wrap elementor-element-populated\">\n\t\t\t\t\t\t<div class=\"elementor-element elementor-element-eb7cf3e elementor-widget__width-initial elementor-absolute elementor-hidden-phone ekit-equal-height-disable elementor-invisible elementor-widget elementor-widget-elementskit-icon-box\" data-id=\"eb7cf3e\" data-element_type=\"widget\" data-settings=\"{&quot;_animation&quot;:&quot;rotateInUpRight&quot;,&quot;_animation_delay&quot;:800,&quot;_position&quot;:&quot;absolute&quot;}\" data-widget_type=\"elementskit-icon-box.default\">\n\t\t\t\t<div class=\"elementor-widget-container\">\n\t\t\t\t\t<div class=\"ekit-wid-con\" >        <!-- link opening -->\n                <a href=\"#\" class=\"ekit_global_links\">\n                <!-- end link opening -->\n\n        <div class=\"elementskit-infobox text-center text- icon-top-align elementor-animation-\">\n                            <div class=\"elementskit-box-header\">\n                <div class=\"elementskit-info-box-icon\">\n                    <img loading=\"lazy\" decoding=\"async\" width=\"97\" height=\"144\" src=\"https:\/\/drmehtapvatansever.com\/wp-content\/uploads\/2023\/09\/elements-set-of-natural-and-floral-elements-G9XCU6B_services-beyaz.png\" class=\"attachment- size-\" alt=\"\" \/>                <\/div>\n          <\/div>\n                <div class=\"box-body\">\n                                            <\/div>\n        \n        \n                <\/div>\n                <\/a>\n        <\/div>\t\t\t\t<\/div>\n\t\t\t\t<\/div>\n\t\t\t\t<div class=\"elementor-element elementor-element-5279277 elementor-invisible elementor-widget elementor-widget-heading\" data-id=\"5279277\" data-element_type=\"widget\" data-settings=\"{&quot;_animation&quot;:&quot;fadeInRight&quot;,&quot;_animation_delay&quot;:500}\" data-widget_type=\"heading.default\">\n\t\t\t\t<div class=\"elementor-widget-container\">\n\t\t\t\t\t<h3 class=\"elementor-heading-title elementor-size-default\">Consultancy<\/h3>\t\t\t\t<\/div>\n\t\t\t\t<\/div>\n\t\t\t\t<div class=\"elementor-element elementor-element-7b6ae18 elementor-invisible elementor-widget elementor-widget-heading\" data-id=\"7b6ae18\" data-element_type=\"widget\" data-settings=\"{&quot;_animation&quot;:&quot;fadeInUp&quot;,&quot;_animation_delay&quot;:600}\" data-widget_type=\"heading.default\">\n\t\t\t\t<div class=\"elementor-widget-container\">\n\t\t\t\t\t<h2 class=\"elementor-heading-title elementor-size-default\">You Can Get Free Consultation and Appointment<\/h2>\t\t\t\t<\/div>\n\t\t\t\t<\/div>\n\t\t\t\t<div class=\"elementor-element elementor-element-fb0345a elementor-invisible elementor-widget elementor-widget-text-editor\" data-id=\"fb0345a\" data-element_type=\"widget\" data-settings=\"{&quot;_animation&quot;:&quot;fadeInUp&quot;,&quot;_animation_delay&quot;:700}\" data-widget_type=\"text-editor.default\">\n\t\t\t\t<div class=\"elementor-widget-container\">\n\t\t\t\t\t\t\t\t\t<p>Every expression is a work of art; Our expert clinic highlights your originality by expertly shaping the expressions on your face.<\/p>\t\t\t\t\t\t\t\t<\/div>\n\t\t\t\t<\/div>\n\t\t\t\t<div class=\"elementor-element elementor-element-b792786 elementor-widget__width-auto elementor-invisible elementor-widget elementor-widget-global elementor-global-990981 elementor-widget-button\" data-id=\"b792786\" data-element_type=\"widget\" data-settings=\"{&quot;_animation&quot;:&quot;fadeInLeft&quot;,&quot;_animation_delay&quot;:800}\" data-widget_type=\"button.default\">\n\t\t\t\t<div class=\"elementor-widget-container\">\n\t\t\t\t\t\t\t\t\t<div class=\"elementor-button-wrapper\">\n\t\t\t\t\t<a class=\"elementor-button elementor-button-link elementor-size-sm\" href=\"https:\/\/wa.me\/905325664442\" target=\"_blank\">\n\t\t\t\t\t\t<span class=\"elementor-button-content-wrapper\">\n\t\t\t\t\t\t\t\t\t<span class=\"elementor-button-text\">Make an Appointment Now<\/span>\n\t\t\t\t\t<\/span>\n\t\t\t\t\t<\/a>\n\t\t\t\t<\/div>\n\t\t\t\t\t\t\t\t<\/div>\n\t\t\t\t<\/div>\n\t\t\t\t\t<\/div>\n\t\t<\/div>\n\t\t\t\t\t<\/div>\n\t\t<\/section>\n\t\t\t\t<\/div>","protected":false},"excerpt":{"rendered":"<p>Q Switch Lazer Kullan\u0131m Alanlar\u0131 Q Switch Lazer Q Switch lazerler ciltteki kollajeni artt\u0131r\u0131rken cilt lekelerini yok eder. Cilt lekelerinin yan\u0131 s\u0131ra d\u00f6vme ve kal\u0131c\u0131 makyaj\u0131n \u00e7\u0131kar\u0131lmas\u0131nda da kullan\u0131labilir. D\u00f6vme lazer \u0131\u015f\u0131\u011f\u0131n\u0131 emdikten sonra \u00e7ok k\u00fc\u00e7\u00fck par\u00e7alara ayr\u0131lmakta b\u00f6ylece v\u00fccudun kendi savunma mekanizma h\u00fccreleri taraf\u0131ndan yok edilmektedirler. Q Switch lazerler ile g\u00fcne\u015f, ya\u015fl\u0131l\u0131k, do\u011fum lekeleri [&hellip;]<\/p>","protected":false},"author":1,"featured_media":0,"parent":0,"menu_order":0,"comment_status":"closed","ping_status":"closed","template":"elementor_header_footer","meta":{"footnotes":""},"class_list":["post-994639","page","type-page","status-publish","hentry"],"_links":{"self":[{"href":"https:\/\/drmehtapvatansever.com\/en\/wp-json\/wp\/v2\/pages\/994639","targetHints":{"allow":["GET"]}}],"collection":[{"href":"https:\/\/drmehtapvatansever.com\/en\/wp-json\/wp\/v2\/pages"}],"about":[{"href":"https:\/\/drmehtapvatansever.com\/en\/wp-json\/wp\/v2\/types\/page"}],"author":[{"embeddable":true,"href":"https:\/\/drmehtapvatansever.com\/en\/wp-json\/wp\/v2\/users\/1"}],"replies":[{"embeddable":true,"href":"https:\/\/drmehtapvatansever.com\/en\/wp-json\/wp\/v2\/comments?post=994639"}],"version-history":[{"count":10,"href":"https:\/\/drmehtapvatansever.com\/en\/wp-json\/wp\/v2\/pages\/994639\/revisions"}],"predecessor-version":[{"id":994670,"href":"https:\/\/drmehtapvatansever.com\/en\/wp-json\/wp\/v2\/pages\/994639\/revisions\/994670"}],"wp:attachment":[{"href":"https:\/\/drmehtapvatansever.com\/en\/wp-json\/wp\/v2\/media?parent=994639"}],"curies":[{"name":"wp","href":"https:\/\/api.w.org\/{rel}","templated":true}]}}